{"id":18,"date":"2023-08-31T15:33:10","date_gmt":"2023-08-31T15:33:10","guid":{"rendered":"https:\/\/settesoli.addagency.it\/?page_id=18"},"modified":"2024-01-12T16:44:06","modified_gmt":"2024-01-12T14:44:06","slug":"territorio","status":"publish","type":"page","link":"https:\/\/www.settesoli.it\/it\/territorio\/","title":{"rendered":"Territorio"},"content":{"rendered":"\n<div class=\"wp-block-create-block-block-row-foto-testo pt-lg-7 pt-3\"><div class=\"bg-luxor-10\"><div class=\"container\"><div class=\"row d-flex align-items-center \"><div class=\"col-lg-6\"><img decoding=\"async\" src=\"https:\/\/www.settesoli.it\/wp-content\/uploads\/2023\/10\/02_distretto-terre-sicane_DJI_0036-resize-1920.jpg\" class=\"img-fluid object-fit-cover rounded\" data-aos=\"fade-up\" data-aos-delay=\"200\" data-aos-duration=\"1000\"\/><\/div><div class=\"col-lg-6 position-relative d-lg-flex align-items-center\"><div data-aos=\"fade-up-left\" data-aos-delay=\"300\" data-aos-duration=\"700\" class=\"block-row-foto-testo__wrapper-card  bg-luxor-15 rounded p-2 p-lg-5\"><h5 class=\"card-title fs-3 text-luxor-dark text-uppercase fw-light mt-0\">Un territorio ricco di biodiversit\u00e0<\/h5><div class=\"text-talpa-dark fs-10\"><p>Nell\u2019area di Menfi e del Distretto delle Terre Sicane coesistono altimetrie, suoli, esposizioni e microclimi diversi. Questa preziosa biodiversit\u00e0 d\u00e0 origine a terroir unici.<\/p><\/div><\/div><img decoding=\"async\" src=\"https:\/\/www.settesoli.it\/wp-content\/uploads\/2023\/11\/frame-mobile-limoni.png\" class=\"block-row-foto-testo__image-overlay--mobile img-fluid d-lg-none h-auto mt-3\" data-aos=\"fade-zoom-in\" data-aos-easing=\"ease-in-back\" data-aos-duration=\"500\"\/><\/div><\/div><\/div><\/div><div style=\"background:url(https:\/\/www.settesoli.it\/wp-content\/uploads\/2023\/11\/frame-sicilia.png)\" class=\"block-row-foto-testo__image-overlay\" data-aos=\"fade-zoom-in\" data-aos-easing=\"ease-in-back\" data-aos-delay=\"1200\" data-aos-duration=\"1000\"><\/div><\/div>\n\n\n\n<div class=\"wp-block-create-block-block-row-foto-testo\"><div class=\"bg-luxor-10\"><div class=\"container\"><div class=\"row d-flex align-items-center flex-md-row-reverse\"><div class=\"col-lg-6\"><img decoding=\"async\" src=\"https:\/\/www.settesoli.it\/wp-content\/uploads\/2023\/10\/03_la-cura-B0008057-resize-1920.jpg\" class=\"img-fluid object-fit-cover rounded\" data-aos=\"fade-up\" data-aos-delay=\"200\" data-aos-duration=\"1000\"\/><\/div><div class=\"col-lg-6 position-relative d-lg-flex align-items-center\"><div data-aos=\"fade-up-right\" data-aos-delay=\"300\" data-aos-duration=\"700\" class=\"block-row-foto-testo__wrapper-card block-row-foto-testo__wrapper-card--reverse bg-luxor-15 rounded p-2 p-lg-5\"><h5 class=\"card-title fs-3 text-luxor-dark text-uppercase fw-light mt-0\">UNA NATURALE PASSIONE PER IL VINO<\/h5><div class=\"text-talpa-dark fs-10\"><p>Il valore di un territorio si esprime solo se si \u00e8 in grado di prendersene cura. L\u2019incontro tra la naturale vocazione vitivinicola di questi luoghi e l\u2019impegno della nostra comunit\u00e0 riesce a trasformare la salubrit\u00e0 delle uve in vini di qualit\u00e0.<\/p><\/div><\/div><img decoding=\"async\" src=\"https:\/\/www.settesoli.it\/wp-content\/uploads\/2023\/11\/frame-mobile-vigneto.png\" class=\"block-row-foto-testo__image-overlay--mobile img-fluid d-lg-none h-auto mt-3\" data-aos=\"fade-zoom-in\" data-aos-easing=\"ease-in-back\" data-aos-duration=\"500\"\/><\/div><\/div><\/div><\/div><div style=\"background:url(https:\/\/www.settesoli.it\/wp-content\/uploads\/2023\/10\/Frame-2528-territorio.png)\" class=\"block-row-foto-testo__image-overlay\" data-aos=\"fade-zoom-in\" data-aos-easing=\"ease-in-back\" data-aos-delay=\"1200\" data-aos-duration=\"1000\"><\/div><\/div>\n\n\n\n<div class=\"wp-block-create-block-block-sezione-geografia\"><div class=\"bg-luxor-10 sezione-standard py-5\"><div class=\"container _card_content\"><div class=\"border-0 rounded-0\"><div class=\"d-flex row align-items-start justify-content-center\"><div class=\"col-md-12\"><div class=\"text-center px-1 mb-3 mb-md-0 p-md-5\"><h5 data-aos=\"fade-up\" class=\"card-title fs-1 text-luxor-dark text-uppercase fw-lighter mb-1\">LA GEOGRAFIA DI MENFI<\/h5><p class=\"card-text fs-9 font-family-serif text-talpa\" data-aos=\"fade-up\">Una vasta area collinare che scende fino ad arrivare al mare.<\/p><\/div><\/div><\/div><img decoding=\"async\" src=\"https:\/\/www.settesoli.it\/wp-content\/uploads\/2023\/10\/menfi-posizione-sicilia.png\" class=\"img-fluid object-fit-cover d-block mx-auto mb-3\" data-aos=\"fade-up\"\/><div class=\"sezione-geografia-image-scrollable-wrapper\" data-aos=\"fade-up\"><img loading=\"lazy\" decoding=\"async\" src=\"https:\/\/www.settesoli.it\/wp-content\/uploads\/2023\/10\/illustrazione-territorio-menfi.png\" width=\"1920\" height=\"560\" class=\"sezione-geografia-image-scrollable mx-auto\"\/><\/div><div class=\"d-flex\" data-aos=\"fade-up\"><svg width=\"57\" height=\"45\" viewBox=\"0 0 57 45\" fill=\"none\" xmlns=\"http:\/\/www.w3.org\/2000\/svg\" class=\"blocco-geografia-icona mx-auto\"><path d=\"M57 28.0952C57 25.0922 54.4807 22.6192 51.4215 22.6192C50.4017 22.6192 49.382 22.9136 48.5422 23.3847C47.6425 21.5594 45.723 20.264 43.5036 20.264C42.4838 20.264 41.4641 20.5584 40.6243 21.0294C39.7245 19.2041 37.805 17.9087 35.5856 17.9087C34.7459 17.9087 33.9661 18.0854 33.2463 18.3798V9.48872H49.6819L46.1429 12.9627C45.483 13.6104 45.483 14.6114 46.1429 15.2591C46.4428 15.5535 46.8627 15.7301 47.2826 15.7301C47.7024 15.7301 48.1223 15.5535 48.4223 15.2591L54.7806 9.01766C55.4404 8.36997 55.4404 7.36899 54.7806 6.72129L48.4822 0.48577C47.8224 -0.161923 46.8027 -0.161923 46.1429 0.48577C45.483 1.13346 45.483 2.13445 46.1429 2.78214L49.6819 6.25613H33.1863C33.0063 5.13739 32.4665 4.07753 31.6267 3.25319C30.547 2.19333 29.1673 1.6634 27.6677 1.6634C24.9084 1.6634 22.629 3.66536 22.2092 6.25613H5.59353L9.1326 2.78214C9.79242 2.13445 9.79242 1.13346 9.1326 0.48577C8.47277 -0.161923 7.45304 -0.161923 6.79321 0.48577L0.49487 6.72718C-0.164957 7.37488 -0.164957 8.37586 0.49487 9.02355L6.8532 15.265C7.15312 15.5594 7.57301 15.736 7.9929 15.736C8.41279 15.736 8.83267 15.5594 9.1326 15.265C9.79242 14.6173 9.79242 13.6163 9.1326 12.9686L5.59353 9.4946H22.0292V32.9293L18.91 29.8675C16.9905 27.9833 13.9913 27.7478 11.7719 29.2198C10.4522 30.103 9.55249 31.4573 9.31255 33.0471C9.07261 34.578 9.55249 36.1678 10.5722 37.4043L16.6306 44.4112C16.9305 44.7645 17.4104 45 17.8903 45C18.2502 45 18.6101 44.8822 18.97 44.6467C19.6898 44.0579 19.7498 43.0569 19.15 42.3503L13.1515 35.3435C12.7317 34.8135 12.5517 34.1658 12.6117 33.5182C12.7317 32.8705 13.0916 32.2816 13.6314 31.9284C14.5912 31.2807 15.8508 31.3984 16.6306 32.2228L20.9495 36.4622C21.6693 37.1688 22.809 37.4043 23.7687 36.9921C24.7285 36.58 25.3283 35.6968 25.3283 34.6958V7.13346C25.3283 5.89696 26.3481 4.89598 27.6077 4.8371C28.2676 4.8371 28.8074 5.07262 29.2273 5.48479C29.6472 5.89696 29.8871 6.48577 29.8871 7.07458V26.0343C29.8871 26.9176 30.6069 27.6241 31.5067 27.6241C32.4065 27.6241 33.1263 26.9176 33.1263 26.0343V23.4436C33.1263 22.2071 34.146 21.1472 35.4657 21.1472C36.7853 21.1472 37.805 22.1482 37.805 23.4436V28.3896C37.805 29.2728 38.5249 29.9794 39.4246 29.9794C40.3244 29.9794 41.0442 29.2728 41.0442 28.3896V25.7988C41.0442 24.5623 42.0639 23.5025 43.3836 23.5025C44.7032 23.5025 45.723 24.5034 45.723 25.7988V30.686C45.723 31.5692 46.4428 32.2758 47.3425 32.2758C48.2423 32.2758 48.9621 31.5692 48.9621 30.686V28.0952C48.9621 26.8587 49.9818 25.8577 51.2415 25.8577C52.5012 25.8577 53.5209 26.8587 53.5209 28.0952V43.3454C53.5209 44.2287 54.2407 44.9352 55.1405 44.9352C56.0403 44.9352 56.7601 44.2287 56.7601 43.3454L57 28.0952Z\" fill=\"#F0D898\"><\/path><\/svg><\/div><\/div><\/div><\/div><\/div>\n\n\n\n<div class=\"wp-block-create-block-block-grid-territorio\"><div id=\"terre-sicane\"><div class=\"container\"><div class=\"row py-3 py-lg-8\"><svg width=\"1216\" height=\"40\" viewBox=\"0 0 1216 40\" fill=\"none\" xmlns=\"http:\/\/www.w3.org\/2000\/svg\"><path d=\"M1214.5 37.8067L1137.19 7.35989C1121.91 1.34468 1104.93 1.344 1089.65 7.35802L1036.09 28.4486C1020.81 34.4626 1003.82 34.462 988.55 28.4467L935.009 7.3611C919.733 1.34517 902.744 1.34515 887.468 7.36105L833.929 28.4457C818.653 34.4616 801.665 34.4616 786.389 28.4457L732.849 7.36105C717.574 1.34517 700.585 1.34518 685.309 7.36112L631.771 28.4456C616.495 34.4616 599.506 34.4616 584.23 28.4457L530.691 7.36103C515.415 1.34516 498.426 1.34516 483.151 7.36103L429.611 28.4457C414.335 34.4616 397.347 34.4616 382.071 28.4456L328.53 7.36007C313.256 1.34478 296.269 1.34409 280.994 7.35813L227.427 28.4487C212.153 34.4627 195.166 34.4621 179.892 28.4469L126.35 7.36107C111.074 1.3452 94.0852 1.3452 78.8094 7.36108L1.5 37.8069\" stroke=\"#F7E7BC\" stroke-width=\"4\"><\/path><\/svg><\/div><div class=\"row d-flex justify-content-center\"><div class=\"col-lg-12 text-center\"><h5 class=\"card-title fs-1 text-luxor-dark text-uppercase fw-lighter mb-1\" data-aos=\"fade-up\">SALUTI DA MENFI<\/h5><p class=\"card-text fs-9 font-family-serif text-talpa\" data-aos=\"fade-up\">Un susseguirsi di contrade, paesaggi e vigneti da scoprire.<\/p><\/div><\/div><div class=\"row d-flex pt-3 pt-lg-8\"><div class=\"col-lg-7\"><img decoding=\"async\" src=\"https:\/\/www.settesoli.it\/wp-content\/uploads\/2023\/10\/09__Immagini-Territori_B0014538-resize-1920.jpg\" alt=\"Image 0\" data-aos=\"fade-up\" class=\"object-fit-cover grid-terriotrio-image rounded mb-2\"\/><\/div><div class=\"col-lg-5\"><img decoding=\"async\" src=\"https:\/\/www.settesoli.it\/wp-content\/uploads\/2023\/10\/02_promuoviamo-territorio_DJI_0049-resize-1920.jpg\" alt=\"Image 1\" data-aos=\"fade-up\" class=\"object-fit-cover grid-terriotrio-image rounded mb-2\"\/><\/div><div class=\"col-lg-12\"><img decoding=\"async\" src=\"https:\/\/www.settesoli.it\/wp-content\/uploads\/2023\/10\/08_Immagini-Territori_B0008306-resize-1920.jpg\" alt=\"Image 2\" data-aos=\"fade-up\" class=\"object-fit-cover grid-terriotrio-image rounded mb-2\"\/><\/div><div class=\"col-lg-5\"><img decoding=\"async\" src=\"https:\/\/www.settesoli.it\/wp-content\/uploads\/2023\/10\/07_Immagini-Territori_Colline-resize-1920.jpg\" alt=\"Image 3\" data-aos=\"fade-up\" class=\"object-fit-cover grid-terriotrio-image rounded mb-2\"\/><\/div><div class=\"col-lg-7\"><img decoding=\"async\" src=\"https:\/\/www.settesoli.it\/wp-content\/uploads\/2023\/10\/06_Immagini-Territori_DJI_0043-resize-1920.jpg\" alt=\"Image 4\" data-aos=\"fade-up\" class=\"object-fit-cover grid-terriotrio-image rounded mb-2\"\/><\/div><div class=\"col-lg-12\"><img decoding=\"async\" src=\"https:\/\/www.settesoli.it\/wp-content\/uploads\/2023\/10\/05_Immagini-Territori_DJI_0029-resize-1920.jpg\" alt=\"Image 5\" data-aos=\"fade-up\" class=\"object-fit-cover grid-terriotrio-image rounded mb-2\"\/><\/div><\/div><\/div><\/div><\/div>\n","protected":false},"excerpt":{"rendered":"","protected":false},"author":1,"featured_media":0,"parent":0,"menu_order":3,"comment_status":"closed","ping_status":"closed","template":"","meta":{"footnotes":""},"class_list":["post-18","page","type-page","status-publish","hentry"],"yoast_head":"<!-- This site is optimized with the Yoast SEO plugin v27.4 - https:\/\/yoast.com\/product\/yoast-seo-wordpress\/ -->\n<title>Il territorio dei vini Settesoli - Settesoli<\/title>\n<meta name=\"description\" content=\"I nostri vini nascono nell\u2019area di Menfi e del Distretto delle Terre Sicane dove coesistono biodiversit\u00e0 che danno origine a terroir unici.\" \/>\n<meta name=\"robots\" content=\"index, follow, max-snippet:-1, max-image-preview:large, max-video-preview:-1\" \/>\n<link rel=\"canonical\" href=\"https:\/\/www.settesoli.it\/it\/territorio\/\" \/>\n<meta property=\"og:locale\" content=\"it_IT\" \/>\n<meta property=\"og:type\" content=\"article\" \/>\n<meta property=\"og:title\" content=\"Il territorio dei vini Settesoli - Settesoli\" \/>\n<meta property=\"og:description\" content=\"I nostri vini nascono nell\u2019area di Menfi e del Distretto delle Terre Sicane dove coesistono biodiversit\u00e0 che danno origine a terroir unici.\" \/>\n<meta property=\"og:url\" content=\"https:\/\/www.settesoli.it\/it\/territorio\/\" \/>\n<meta property=\"og:site_name\" content=\"Settesoli\" \/>\n<meta property=\"article:publisher\" content=\"https:\/\/www.facebook.com\/SettesoliOfficial\" \/>\n<meta property=\"article:modified_time\" content=\"2024-01-12T14:44:06+00:00\" \/>\n<meta property=\"og:image\" content=\"https:\/\/www.settesoli.it\/wp-content\/uploads\/2023\/10\/02_distretto-terre-sicane_DJI_0036-resize-1920.jpg\" \/>\n<meta name=\"twitter:card\" content=\"summary_large_image\" \/>\n<meta name=\"twitter:label1\" content=\"Tempo di lettura stimato\" \/>\n\t<meta name=\"twitter:data1\" content=\"3 minuti\" \/>\n<script type=\"application\/ld+json\" class=\"yoast-schema-graph\">{\"@context\":\"https:\\\/\\\/schema.org\",\"@graph\":[{\"@type\":\"WebPage\",\"@id\":\"https:\\\/\\\/www.settesoli.it\\\/it\\\/territorio\\\/\",\"url\":\"https:\\\/\\\/www.settesoli.it\\\/it\\\/territorio\\\/\",\"name\":\"Il territorio dei vini Settesoli - Settesoli\",\"isPartOf\":{\"@id\":\"https:\\\/\\\/www.settesoli.it\\\/it\\\/#website\"},\"primaryImageOfPage\":{\"@id\":\"https:\\\/\\\/www.settesoli.it\\\/it\\\/territorio\\\/#primaryimage\"},\"image\":{\"@id\":\"https:\\\/\\\/www.settesoli.it\\\/it\\\/territorio\\\/#primaryimage\"},\"thumbnailUrl\":\"https:\\\/\\\/www.settesoli.it\\\/wp-content\\\/uploads\\\/2023\\\/10\\\/02_distretto-terre-sicane_DJI_0036-resize-1920.jpg\",\"datePublished\":\"2023-08-31T15:33:10+00:00\",\"dateModified\":\"2024-01-12T14:44:06+00:00\",\"description\":\"I nostri vini nascono nell\u2019area di Menfi e del Distretto delle Terre Sicane dove coesistono biodiversit\u00e0 che danno origine a terroir unici.\",\"breadcrumb\":{\"@id\":\"https:\\\/\\\/www.settesoli.it\\\/it\\\/territorio\\\/#breadcrumb\"},\"inLanguage\":\"it-IT\",\"potentialAction\":[{\"@type\":\"ReadAction\",\"target\":[\"https:\\\/\\\/www.settesoli.it\\\/it\\\/territorio\\\/\"]}]},{\"@type\":\"ImageObject\",\"inLanguage\":\"it-IT\",\"@id\":\"https:\\\/\\\/www.settesoli.it\\\/it\\\/territorio\\\/#primaryimage\",\"url\":\"https:\\\/\\\/www.settesoli.it\\\/wp-content\\\/uploads\\\/2023\\\/10\\\/02_distretto-terre-sicane_DJI_0036-resize-1920.jpg\",\"contentUrl\":\"https:\\\/\\\/www.settesoli.it\\\/wp-content\\\/uploads\\\/2023\\\/10\\\/02_distretto-terre-sicane_DJI_0036-resize-1920.jpg\"},{\"@type\":\"BreadcrumbList\",\"@id\":\"https:\\\/\\\/www.settesoli.it\\\/it\\\/territorio\\\/#breadcrumb\",\"itemListElement\":[{\"@type\":\"ListItem\",\"position\":1,\"name\":\"Home\",\"item\":\"https:\\\/\\\/www.settesoli.it\\\/it\\\/\"},{\"@type\":\"ListItem\",\"position\":2,\"name\":\"Territorio\"}]},{\"@type\":\"WebSite\",\"@id\":\"https:\\\/\\\/www.settesoli.it\\\/it\\\/#website\",\"url\":\"https:\\\/\\\/www.settesoli.it\\\/it\\\/\",\"name\":\"Settesoli\",\"description\":\"Vini siciliani\",\"publisher\":{\"@id\":\"https:\\\/\\\/www.settesoli.it\\\/it\\\/#organization\"},\"potentialAction\":[{\"@type\":\"SearchAction\",\"target\":{\"@type\":\"EntryPoint\",\"urlTemplate\":\"https:\\\/\\\/www.settesoli.it\\\/it\\\/?s={search_term_string}\"},\"query-input\":{\"@type\":\"PropertyValueSpecification\",\"valueRequired\":true,\"valueName\":\"search_term_string\"}}],\"inLanguage\":\"it-IT\"},{\"@type\":\"Organization\",\"@id\":\"https:\\\/\\\/www.settesoli.it\\\/it\\\/#organization\",\"name\":\"Settesoli\",\"url\":\"https:\\\/\\\/www.settesoli.it\\\/it\\\/\",\"logo\":{\"@type\":\"ImageObject\",\"inLanguage\":\"it-IT\",\"@id\":\"https:\\\/\\\/www.settesoli.it\\\/it\\\/#\\\/schema\\\/logo\\\/image\\\/\",\"url\":\"https:\\\/\\\/www.settesoli.it\\\/wp-content\\\/uploads\\\/2023\\\/09\\\/Screenshot-2023-09-12-alle-15.31.49.jpg\",\"contentUrl\":\"https:\\\/\\\/www.settesoli.it\\\/wp-content\\\/uploads\\\/2023\\\/09\\\/Screenshot-2023-09-12-alle-15.31.49.jpg\",\"width\":1390,\"height\":738,\"caption\":\"Settesoli\"},\"image\":{\"@id\":\"https:\\\/\\\/www.settesoli.it\\\/it\\\/#\\\/schema\\\/logo\\\/image\\\/\"},\"sameAs\":[\"https:\\\/\\\/www.facebook.com\\\/SettesoliOfficial\",\"https:\\\/\\\/www.instagram.com\\\/settesoliofficial\\\/\"]}]}<\/script>\n<!-- \/ Yoast SEO plugin. -->","yoast_head_json":{"title":"Il territorio dei vini Settesoli - Settesoli","description":"I nostri vini nascono nell\u2019area di Menfi e del Distretto delle Terre Sicane dove coesistono biodiversit\u00e0 che danno origine a terroir unici.","robots":{"index":"index","follow":"follow","max-snippet":"max-snippet:-1","max-image-preview":"max-image-preview:large","max-video-preview":"max-video-preview:-1"},"canonical":"https:\/\/www.settesoli.it\/it\/territorio\/","og_locale":"it_IT","og_type":"article","og_title":"Il territorio dei vini Settesoli - Settesoli","og_description":"I nostri vini nascono nell\u2019area di Menfi e del Distretto delle Terre Sicane dove coesistono biodiversit\u00e0 che danno origine a terroir unici.","og_url":"https:\/\/www.settesoli.it\/it\/territorio\/","og_site_name":"Settesoli","article_publisher":"https:\/\/www.facebook.com\/SettesoliOfficial","article_modified_time":"2024-01-12T14:44:06+00:00","og_image":[{"url":"https:\/\/www.settesoli.it\/wp-content\/uploads\/2023\/10\/02_distretto-terre-sicane_DJI_0036-resize-1920.jpg","type":"","width":"","height":""}],"twitter_card":"summary_large_image","twitter_misc":{"Tempo di lettura stimato":"3 minuti"},"schema":{"@context":"https:\/\/schema.org","@graph":[{"@type":"WebPage","@id":"https:\/\/www.settesoli.it\/it\/territorio\/","url":"https:\/\/www.settesoli.it\/it\/territorio\/","name":"Il territorio dei vini Settesoli - Settesoli","isPartOf":{"@id":"https:\/\/www.settesoli.it\/it\/#website"},"primaryImageOfPage":{"@id":"https:\/\/www.settesoli.it\/it\/territorio\/#primaryimage"},"image":{"@id":"https:\/\/www.settesoli.it\/it\/territorio\/#primaryimage"},"thumbnailUrl":"https:\/\/www.settesoli.it\/wp-content\/uploads\/2023\/10\/02_distretto-terre-sicane_DJI_0036-resize-1920.jpg","datePublished":"2023-08-31T15:33:10+00:00","dateModified":"2024-01-12T14:44:06+00:00","description":"I nostri vini nascono nell\u2019area di Menfi e del Distretto delle Terre Sicane dove coesistono biodiversit\u00e0 che danno origine a terroir unici.","breadcrumb":{"@id":"https:\/\/www.settesoli.it\/it\/territorio\/#breadcrumb"},"inLanguage":"it-IT","potentialAction":[{"@type":"ReadAction","target":["https:\/\/www.settesoli.it\/it\/territorio\/"]}]},{"@type":"ImageObject","inLanguage":"it-IT","@id":"https:\/\/www.settesoli.it\/it\/territorio\/#primaryimage","url":"https:\/\/www.settesoli.it\/wp-content\/uploads\/2023\/10\/02_distretto-terre-sicane_DJI_0036-resize-1920.jpg","contentUrl":"https:\/\/www.settesoli.it\/wp-content\/uploads\/2023\/10\/02_distretto-terre-sicane_DJI_0036-resize-1920.jpg"},{"@type":"BreadcrumbList","@id":"https:\/\/www.settesoli.it\/it\/territorio\/#breadcrumb","itemListElement":[{"@type":"ListItem","position":1,"name":"Home","item":"https:\/\/www.settesoli.it\/it\/"},{"@type":"ListItem","position":2,"name":"Territorio"}]},{"@type":"WebSite","@id":"https:\/\/www.settesoli.it\/it\/#website","url":"https:\/\/www.settesoli.it\/it\/","name":"Settesoli","description":"Vini siciliani","publisher":{"@id":"https:\/\/www.settesoli.it\/it\/#organization"},"potentialAction":[{"@type":"SearchAction","target":{"@type":"EntryPoint","urlTemplate":"https:\/\/www.settesoli.it\/it\/?s={search_term_string}"},"query-input":{"@type":"PropertyValueSpecification","valueRequired":true,"valueName":"search_term_string"}}],"inLanguage":"it-IT"},{"@type":"Organization","@id":"https:\/\/www.settesoli.it\/it\/#organization","name":"Settesoli","url":"https:\/\/www.settesoli.it\/it\/","logo":{"@type":"ImageObject","inLanguage":"it-IT","@id":"https:\/\/www.settesoli.it\/it\/#\/schema\/logo\/image\/","url":"https:\/\/www.settesoli.it\/wp-content\/uploads\/2023\/09\/Screenshot-2023-09-12-alle-15.31.49.jpg","contentUrl":"https:\/\/www.settesoli.it\/wp-content\/uploads\/2023\/09\/Screenshot-2023-09-12-alle-15.31.49.jpg","width":1390,"height":738,"caption":"Settesoli"},"image":{"@id":"https:\/\/www.settesoli.it\/it\/#\/schema\/logo\/image\/"},"sameAs":["https:\/\/www.facebook.com\/SettesoliOfficial","https:\/\/www.instagram.com\/settesoliofficial\/"]}]}},"_links":{"self":[{"href":"https:\/\/www.settesoli.it\/it\/wp-json\/wp\/v2\/pages\/18","targetHints":{"allow":["GET"]}}],"collection":[{"href":"https:\/\/www.settesoli.it\/it\/wp-json\/wp\/v2\/pages"}],"about":[{"href":"https:\/\/www.settesoli.it\/it\/wp-json\/wp\/v2\/types\/page"}],"author":[{"embeddable":true,"href":"https:\/\/www.settesoli.it\/it\/wp-json\/wp\/v2\/users\/1"}],"replies":[{"embeddable":true,"href":"https:\/\/www.settesoli.it\/it\/wp-json\/wp\/v2\/comments?post=18"}],"version-history":[{"count":114,"href":"https:\/\/www.settesoli.it\/it\/wp-json\/wp\/v2\/pages\/18\/revisions"}],"predecessor-version":[{"id":2150,"href":"https:\/\/www.settesoli.it\/it\/wp-json\/wp\/v2\/pages\/18\/revisions\/2150"}],"wp:attachment":[{"href":"https:\/\/www.settesoli.it\/it\/wp-json\/wp\/v2\/media?parent=18"}],"curies":[{"name":"wp","href":"https:\/\/api.w.org\/{rel}","templated":true}]}}