{"id":20,"date":"2023-08-31T15:33:22","date_gmt":"2023-08-31T15:33:22","guid":{"rendered":"https:\/\/settesoli.addagency.it\/?page_id=20"},"modified":"2026-04-07T15:01:15","modified_gmt":"2026-04-07T13:01:15","slug":"sostenibilita","status":"publish","type":"page","link":"https:\/\/www.settesoli.it\/it\/sostenibilita\/","title":{"rendered":"Sostenibilit\u00e0"},"content":{"rendered":"\n<div class=\"wp-block-create-block-block-row-foto-testo pt-lg-7 pt-3\"><div class=\"bg-luxor-10\"><div class=\"container\"><div class=\"row d-flex align-items-center \"><div class=\"col-lg-6\"><img decoding=\"async\" src=\"https:\/\/www.settesoli.it\/wp-content\/uploads\/2023\/10\/02_promuoviamo-territorio_DJI_0049-resize-1920.jpg\" class=\"img-fluid object-fit-cover rounded\" data-aos=\"fade-up\" data-aos-delay=\"200\" data-aos-duration=\"1000\"\/><\/div><div class=\"col-lg-6 position-relative d-lg-flex align-items-center\"><div data-aos=\"fade-up-left\" data-aos-delay=\"300\" data-aos-duration=\"700\" class=\"block-row-foto-testo__wrapper-card  bg-luxor-15 rounded p-2 p-lg-5\"><h5 class=\"card-title fs-3 text-luxor-dark text-uppercase fw-light mt-0\">Promuoviamo il nostro territorio<\/h5><div class=\"text-talpa-dark fs-10\"><p>Siamo local al 100% e prediligiamo un\u2019economia di tipo circolare.<\/p><\/div><\/div><img decoding=\"async\" src=\"https:\/\/www.settesoli.it\/wp-content\/uploads\/2023\/11\/frame-mobile-sicilia.png\" class=\"block-row-foto-testo__image-overlay--mobile img-fluid d-lg-none h-auto mt-3\" data-aos=\"fade-zoom-in\" data-aos-easing=\"ease-in-back\" data-aos-duration=\"500\"\/><\/div><\/div><\/div><\/div><div style=\"background:url(https:\/\/www.settesoli.it\/wp-content\/uploads\/2023\/11\/frame-sicilia.png)\" class=\"block-row-foto-testo__image-overlay\" data-aos=\"fade-zoom-in\" data-aos-easing=\"ease-in-back\" data-aos-delay=\"1200\" data-aos-duration=\"1000\"><\/div><\/div>\n\n\n\n<div class=\"wp-block-create-block-block-row-foto-testo\"><div class=\"bg-luxor-10\"><div class=\"container\"><div class=\"row d-flex align-items-center flex-md-row-reverse\"><div class=\"col-lg-6\"><img decoding=\"async\" src=\"https:\/\/www.settesoli.it\/wp-content\/uploads\/2023\/10\/03_valore-persone_H7A8721-resize-1920.jpg\" class=\"img-fluid object-fit-cover rounded\" data-aos=\"fade-up\" data-aos-delay=\"200\" data-aos-duration=\"1000\"\/><\/div><div class=\"col-lg-6 position-relative d-lg-flex align-items-center\"><div data-aos=\"fade-up-right\" data-aos-delay=\"300\" data-aos-duration=\"700\" class=\"block-row-foto-testo__wrapper-card block-row-foto-testo__wrapper-card--reverse bg-luxor-15 rounded p-2 p-lg-5\"><h5 class=\"card-title fs-3 text-luxor-dark text-uppercase fw-light mt-0\">Crediamo nel valore delle persone<\/h5><div class=\"text-talpa-dark fs-10\"><p>Coltiviamo relazioni, promuoviamo il dialogo e collaboriamo costantemente con la nostra comunit\u00e0.<\/p><\/div><\/div><img decoding=\"async\" src=\"https:\/\/www.settesoli.it\/wp-content\/uploads\/2023\/11\/frame-mobile-vigneto.png\" class=\"block-row-foto-testo__image-overlay--mobile img-fluid d-lg-none h-auto mt-3\" data-aos=\"fade-zoom-in\" data-aos-easing=\"ease-in-back\" data-aos-duration=\"500\"\/><\/div><\/div><\/div><\/div><div style=\"background:url(https:\/\/www.settesoli.it\/wp-content\/uploads\/2023\/10\/Frame-2528-territorio.png)\" class=\"block-row-foto-testo__image-overlay\" data-aos=\"fade-zoom-in\" data-aos-easing=\"ease-in-back\" data-aos-delay=\"1200\" data-aos-duration=\"1000\"><\/div><\/div>\n\n\n\n<div class=\"wp-block-create-block-block-row-foto-testo\"><div class=\"bg-luxor-10\"><div class=\"container\"><div class=\"row d-flex align-items-center \"><div class=\"col-lg-6\"><img decoding=\"async\" src=\"https:\/\/www.settesoli.it\/wp-content\/uploads\/2023\/10\/04_salvaguardiamo-terra_H7A9229-resize-1920.jpg\" class=\"img-fluid object-fit-cover rounded\" data-aos=\"fade-up\" data-aos-delay=\"200\" data-aos-duration=\"1000\"\/><\/div><div class=\"col-lg-6 position-relative d-lg-flex align-items-center\"><div data-aos=\"fade-up-left\" data-aos-delay=\"300\" data-aos-duration=\"700\" class=\"block-row-foto-testo__wrapper-card  bg-luxor-15 rounded p-2 p-lg-5\"><h5 class=\"card-title fs-3 text-luxor-dark text-uppercase fw-light mt-0\">Salvaguardiamo la nostra terra<\/h5><div class=\"text-talpa-dark fs-10\"><p>Stiamo attenti a misurare costantemente la nostra impronta ecologica per ridurre sempre pi\u00f9 il nostro impatto ambientale.<\/p><\/div><\/div><img decoding=\"async\" src=\"https:\/\/www.settesoli.it\/wp-content\/uploads\/2023\/11\/frame-mobile-zagara.png\" class=\"block-row-foto-testo__image-overlay--mobile img-fluid d-lg-none h-auto mt-3\" data-aos=\"fade-zoom-in\" data-aos-easing=\"ease-in-back\" data-aos-duration=\"500\"\/><\/div><\/div><\/div><\/div><div style=\"background:url(https:\/\/www.settesoli.it\/wp-content\/uploads\/2023\/11\/frame-zagara.png)\" class=\"block-row-foto-testo__image-overlay\" data-aos=\"fade-zoom-in\" data-aos-easing=\"ease-in-back\" data-aos-delay=\"1200\" data-aos-duration=\"1000\"><\/div><\/div>\n\n\n\n<div class=\"wp-block-create-block-block-risultati\"><div class=\"bg-luxor-15 mt-3 mt-lg-0\"><div class=\"container _card_content\"><div class=\"row d-flex justify-content-center\"><div class=\"col-10 col-lg-8\"><div class=\"border-0 rounded-0\"><div class=\"py-5 py-lg-8\"><div class=\"text-center\"><svg width=\"162\" height=\"213\" class=\"mb-3\" viewBox=\"0 0 162 213\" fill=\"none\" xmlns=\"http:\/\/www.w3.org\/2000\/svg\" data-aos=\"fade-up\"><g clip-path=\"url(#clip0_1363_32626)\"><path d=\"M157.743 201.097V39.4676C157.743 34.7967 153.956 31.0102 149.285 31.0102H12.7149C8.04402 31.0102 4.25754 34.7967 4.25754 39.4676V201.097C4.25754 205.768 8.04402 209.554 12.7149 209.554H149.285C153.956 209.554 157.743 205.768 157.743 201.097Z\" fill=\"#FFFCF5\" stroke=\"#85827E\" stroke-width=\"6.89118\"><\/path><path d=\"M101.007 27.4863C100.477 16.7361 91.5596 8.14404 80.6872 8.14404C69.8148 8.14404 60.897 16.7361 60.3676 27.4863C45.3824 32.2506 35.8945 42.0236 35.8945 52.9367C35.8945 55.1763 37.727 57.0087 39.9666 57.0087H121.408C123.647 57.0087 125.48 55.1763 125.48 52.9367C125.48 42.0236 115.992 32.2506 101.007 27.4863Z\" fill=\"#FAF2DD\"><\/path><path d=\"M101.007 19.3423C100.477 8.59204 91.5596 0 80.6872 0C69.8148 0 60.897 8.59204 60.3676 19.3423C45.3824 24.1066 35.8945 33.8795 35.8945 44.7926C35.8945 47.0323 37.727 48.8647 39.9666 48.8647H121.408C123.647 48.8647 125.48 47.0323 125.48 44.7926C125.48 33.8795 115.992 24.1066 101.007 19.3423Z\" fill=\"#F0D898\"><\/path><path d=\"M107.237 21.7856C92.0482 33.6353 72.9503 40.7207 52.1828 40.7207C46.9298 40.7207 41.799 40.2321 36.7904 39.3769C36.261 41.1279 35.8945 42.9604 35.8945 44.7928C35.8945 47.0324 37.727 48.8648 39.9666 48.8648H121.408C123.647 48.8648 125.48 47.0324 125.48 44.7928C125.48 35.4678 118.557 27.0386 107.237 21.7856Z\" fill=\"#F7E7BC\"><\/path><rect x=\"25.2441\" y=\"107.753\" width=\"20.6735\" height=\"23.8059\" rx=\"2.50588\" fill=\"#F7E7BC\"><\/rect><rect x=\"54.0615\" y=\"99.6089\" width=\"20.6735\" height=\"31.95\" rx=\"2.50588\" fill=\"#F7E7BC\"><\/rect><rect x=\"82.8799\" y=\"72.0442\" width=\"20.6735\" height=\"59.5147\" rx=\"2.50588\" fill=\"#F7E7BC\"><\/rect><rect x=\"111.697\" y=\"90.2117\" width=\"20.6735\" height=\"41.3471\" rx=\"2.50588\" fill=\"#F7E7BC\"><\/rect><rect x=\"25.2441\" y=\"144.715\" width=\"107.126\" height=\"8.14412\" rx=\"2.50588\" fill=\"#F7E7BC\"><\/rect><rect x=\"25.2441\" y=\"161.003\" width=\"107.126\" height=\"8.14412\" rx=\"2.50588\" fill=\"#F7E7BC\"><\/rect><rect x=\"25.2441\" y=\"177.291\" width=\"107.126\" height=\"8.14412\" rx=\"2.50588\" fill=\"#F7E7BC\"><\/rect><\/g><defs><clipPath id=\"clip0_1363_32626\"><rect width=\"160.376\" height=\"213\" fill=\"white\" transform=\"translate(0.811523)\"><\/rect><\/clipPath><\/defs><\/svg><h5 data-aos=\"fade-up\" class=\"card-title fs-3 text-luxor-dark fw-light text-uppercase my-1\">RISULTATI PI\u00d9 CHE MISURABILI<\/h5><div class=\"fs-10 card-text text-talpa mb-3 font-family-serif\" data-aos=\"fade-up\">Ci sentiamo responsabili del nostro percorso di sostenibilit\u00e0 ecco perch\u00e9 vogliamo condividere ogni nostro piccolo passo.<\/div><a href=\"https:\/\/www.cantinesettesoli.it\/sostenibilita\/\" class=\"btn btn-sm btn-orange rounded-pill\" data-aos=\"fade-up\">Approfondisci<\/a><\/div><\/div><\/div><\/div><\/div><\/div><\/div><\/div>\n\n\n<div class=\"block_certificati_pagina_sostenibilita bg-luxor-10 py-4 py-lg-8\">\n    <div class=\"container\">\n        <div class=\"row d-flex justify-content-center\">\n            <div class=\"mb-4\">\n                <div class=\"text-center\">\n                    <h5 class=\"card-title fs-3 text-luxor-dark fw-light text-uppercase my-1\" data-aos=\"fade-up\">\n                        Traguardi certificati                    <\/h5>\n                    <div class=\"fs-10 card-text text-talpa mb-3 font-family-serif\" data-aos=\"fade-up\">\n                        Un impegno che \u00e8 stato riconosciuto da diverse certificazioni.                    <\/div>\n                <\/div>\n            <\/div>\n                            <div class=\"col-lg-3 text-center\">\n                    <img decoding=\"async\" src=\"https:\/\/www.settesoli.it\/wp-content\/uploads\/2026\/04\/sostenibilita-ita.png\"\n                         class=\"img-fluid mb-2 image-certificazione\" data-aos=\"fade-up\" style=\"max-height:145px\">\n                    <p class=\"fs-11 text-talpa\" data-aos=\"fade-up\">\n                        Viticoltura sostenibile:\u2028VIVA                    <\/p>\n                <\/div>\n                            <div class=\"col-lg-3 text-center\">\n                    <img decoding=\"async\" src=\"https:\/\/www.settesoli.it\/wp-content\/uploads\/2026\/04\/vegan-26.png\"\n                         class=\"img-fluid mb-2 image-certificazione\" data-aos=\"fade-up\" style=\"max-height:145px\">\n                    <p class=\"fs-11 text-talpa\" data-aos=\"fade-up\">\n                        Certificato di qualit\u00e0 vegana                    <\/p>\n                <\/div>\n                    <\/div>\n    <\/div>\n<\/div>\n","protected":false},"excerpt":{"rendered":"","protected":false},"author":1,"featured_media":0,"parent":0,"menu_order":4,"comment_status":"closed","ping_status":"closed","template":"","meta":{"footnotes":""},"class_list":["post-20","page","type-page","status-publish","hentry"],"yoast_head":"<!-- This site is optimized with the Yoast SEO plugin v27.4 - https:\/\/yoast.com\/product\/yoast-seo-wordpress\/ -->\n<title>La Sostenibilit\u00e0 di Settesoli<\/title>\n<meta name=\"description\" content=\"Scopri Settesoli: azienda 100% local, impegnata nella sostenibilit\u00e0 del territorio e nella produzione di vini di qualit\u00e0.\" \/>\n<meta name=\"robots\" content=\"index, follow, max-snippet:-1, max-image-preview:large, max-video-preview:-1\" \/>\n<link rel=\"canonical\" href=\"https:\/\/www.settesoli.it\/it\/sostenibilita\/\" \/>\n<meta property=\"og:locale\" content=\"it_IT\" \/>\n<meta property=\"og:type\" content=\"article\" \/>\n<meta property=\"og:title\" content=\"La Sostenibilit\u00e0 di Settesoli\" \/>\n<meta property=\"og:description\" content=\"Scopri Settesoli: azienda 100% local, impegnata nella sostenibilit\u00e0 del territorio e nella produzione di vini di qualit\u00e0.\" \/>\n<meta property=\"og:url\" content=\"https:\/\/www.settesoli.it\/it\/sostenibilita\/\" \/>\n<meta property=\"og:site_name\" content=\"Settesoli\" \/>\n<meta property=\"article:publisher\" content=\"https:\/\/www.facebook.com\/SettesoliOfficial\" \/>\n<meta property=\"article:modified_time\" content=\"2026-04-07T13:01:15+00:00\" \/>\n<meta property=\"og:image\" content=\"https:\/\/www.settesoli.it\/wp-content\/uploads\/2023\/10\/02_promuoviamo-territorio_DJI_0049-resize-1920.jpg\" \/>\n<meta name=\"twitter:card\" content=\"summary_large_image\" \/>\n<meta name=\"twitter:label1\" content=\"Tempo di lettura stimato\" \/>\n\t<meta name=\"twitter:data1\" content=\"2 minuti\" \/>\n<script type=\"application\/ld+json\" class=\"yoast-schema-graph\">{\"@context\":\"https:\\\/\\\/schema.org\",\"@graph\":[{\"@type\":\"WebPage\",\"@id\":\"https:\\\/\\\/www.settesoli.it\\\/it\\\/sostenibilita\\\/\",\"url\":\"https:\\\/\\\/www.settesoli.it\\\/it\\\/sostenibilita\\\/\",\"name\":\"La Sostenibilit\u00e0 di Settesoli\",\"isPartOf\":{\"@id\":\"https:\\\/\\\/www.settesoli.it\\\/it\\\/#website\"},\"primaryImageOfPage\":{\"@id\":\"https:\\\/\\\/www.settesoli.it\\\/it\\\/sostenibilita\\\/#primaryimage\"},\"image\":{\"@id\":\"https:\\\/\\\/www.settesoli.it\\\/it\\\/sostenibilita\\\/#primaryimage\"},\"thumbnailUrl\":\"https:\\\/\\\/www.settesoli.it\\\/wp-content\\\/uploads\\\/2023\\\/10\\\/02_promuoviamo-territorio_DJI_0049-resize-1920.jpg\",\"datePublished\":\"2023-08-31T15:33:22+00:00\",\"dateModified\":\"2026-04-07T13:01:15+00:00\",\"description\":\"Scopri Settesoli: azienda 100% local, impegnata nella sostenibilit\u00e0 del territorio e nella produzione di vini di qualit\u00e0.\",\"breadcrumb\":{\"@id\":\"https:\\\/\\\/www.settesoli.it\\\/it\\\/sostenibilita\\\/#breadcrumb\"},\"inLanguage\":\"it-IT\",\"potentialAction\":[{\"@type\":\"ReadAction\",\"target\":[\"https:\\\/\\\/www.settesoli.it\\\/it\\\/sostenibilita\\\/\"]}]},{\"@type\":\"ImageObject\",\"inLanguage\":\"it-IT\",\"@id\":\"https:\\\/\\\/www.settesoli.it\\\/it\\\/sostenibilita\\\/#primaryimage\",\"url\":\"https:\\\/\\\/www.settesoli.it\\\/wp-content\\\/uploads\\\/2023\\\/10\\\/02_promuoviamo-territorio_DJI_0049-resize-1920.jpg\",\"contentUrl\":\"https:\\\/\\\/www.settesoli.it\\\/wp-content\\\/uploads\\\/2023\\\/10\\\/02_promuoviamo-territorio_DJI_0049-resize-1920.jpg\"},{\"@type\":\"BreadcrumbList\",\"@id\":\"https:\\\/\\\/www.settesoli.it\\\/it\\\/sostenibilita\\\/#breadcrumb\",\"itemListElement\":[{\"@type\":\"ListItem\",\"position\":1,\"name\":\"Home\",\"item\":\"https:\\\/\\\/www.settesoli.it\\\/it\\\/\"},{\"@type\":\"ListItem\",\"position\":2,\"name\":\"Sostenibilit\u00e0\"}]},{\"@type\":\"WebSite\",\"@id\":\"https:\\\/\\\/www.settesoli.it\\\/it\\\/#website\",\"url\":\"https:\\\/\\\/www.settesoli.it\\\/it\\\/\",\"name\":\"Settesoli\",\"description\":\"Vini siciliani\",\"publisher\":{\"@id\":\"https:\\\/\\\/www.settesoli.it\\\/it\\\/#organization\"},\"potentialAction\":[{\"@type\":\"SearchAction\",\"target\":{\"@type\":\"EntryPoint\",\"urlTemplate\":\"https:\\\/\\\/www.settesoli.it\\\/it\\\/?s={search_term_string}\"},\"query-input\":{\"@type\":\"PropertyValueSpecification\",\"valueRequired\":true,\"valueName\":\"search_term_string\"}}],\"inLanguage\":\"it-IT\"},{\"@type\":\"Organization\",\"@id\":\"https:\\\/\\\/www.settesoli.it\\\/it\\\/#organization\",\"name\":\"Settesoli\",\"url\":\"https:\\\/\\\/www.settesoli.it\\\/it\\\/\",\"logo\":{\"@type\":\"ImageObject\",\"inLanguage\":\"it-IT\",\"@id\":\"https:\\\/\\\/www.settesoli.it\\\/it\\\/#\\\/schema\\\/logo\\\/image\\\/\",\"url\":\"https:\\\/\\\/www.settesoli.it\\\/wp-content\\\/uploads\\\/2023\\\/09\\\/Screenshot-2023-09-12-alle-15.31.49.jpg\",\"contentUrl\":\"https:\\\/\\\/www.settesoli.it\\\/wp-content\\\/uploads\\\/2023\\\/09\\\/Screenshot-2023-09-12-alle-15.31.49.jpg\",\"width\":1390,\"height\":738,\"caption\":\"Settesoli\"},\"image\":{\"@id\":\"https:\\\/\\\/www.settesoli.it\\\/it\\\/#\\\/schema\\\/logo\\\/image\\\/\"},\"sameAs\":[\"https:\\\/\\\/www.facebook.com\\\/SettesoliOfficial\",\"https:\\\/\\\/www.instagram.com\\\/settesoliofficial\\\/\"]}]}<\/script>\n<!-- \/ Yoast SEO plugin. -->","yoast_head_json":{"title":"La Sostenibilit\u00e0 di Settesoli","description":"Scopri Settesoli: azienda 100% local, impegnata nella sostenibilit\u00e0 del territorio e nella produzione di vini di qualit\u00e0.","robots":{"index":"index","follow":"follow","max-snippet":"max-snippet:-1","max-image-preview":"max-image-preview:large","max-video-preview":"max-video-preview:-1"},"canonical":"https:\/\/www.settesoli.it\/it\/sostenibilita\/","og_locale":"it_IT","og_type":"article","og_title":"La Sostenibilit\u00e0 di Settesoli","og_description":"Scopri Settesoli: azienda 100% local, impegnata nella sostenibilit\u00e0 del territorio e nella produzione di vini di qualit\u00e0.","og_url":"https:\/\/www.settesoli.it\/it\/sostenibilita\/","og_site_name":"Settesoli","article_publisher":"https:\/\/www.facebook.com\/SettesoliOfficial","article_modified_time":"2026-04-07T13:01:15+00:00","og_image":[{"url":"https:\/\/www.settesoli.it\/wp-content\/uploads\/2023\/10\/02_promuoviamo-territorio_DJI_0049-resize-1920.jpg","type":"","width":"","height":""}],"twitter_card":"summary_large_image","twitter_misc":{"Tempo di lettura stimato":"2 minuti"},"schema":{"@context":"https:\/\/schema.org","@graph":[{"@type":"WebPage","@id":"https:\/\/www.settesoli.it\/it\/sostenibilita\/","url":"https:\/\/www.settesoli.it\/it\/sostenibilita\/","name":"La Sostenibilit\u00e0 di Settesoli","isPartOf":{"@id":"https:\/\/www.settesoli.it\/it\/#website"},"primaryImageOfPage":{"@id":"https:\/\/www.settesoli.it\/it\/sostenibilita\/#primaryimage"},"image":{"@id":"https:\/\/www.settesoli.it\/it\/sostenibilita\/#primaryimage"},"thumbnailUrl":"https:\/\/www.settesoli.it\/wp-content\/uploads\/2023\/10\/02_promuoviamo-territorio_DJI_0049-resize-1920.jpg","datePublished":"2023-08-31T15:33:22+00:00","dateModified":"2026-04-07T13:01:15+00:00","description":"Scopri Settesoli: azienda 100% local, impegnata nella sostenibilit\u00e0 del territorio e nella produzione di vini di qualit\u00e0.","breadcrumb":{"@id":"https:\/\/www.settesoli.it\/it\/sostenibilita\/#breadcrumb"},"inLanguage":"it-IT","potentialAction":[{"@type":"ReadAction","target":["https:\/\/www.settesoli.it\/it\/sostenibilita\/"]}]},{"@type":"ImageObject","inLanguage":"it-IT","@id":"https:\/\/www.settesoli.it\/it\/sostenibilita\/#primaryimage","url":"https:\/\/www.settesoli.it\/wp-content\/uploads\/2023\/10\/02_promuoviamo-territorio_DJI_0049-resize-1920.jpg","contentUrl":"https:\/\/www.settesoli.it\/wp-content\/uploads\/2023\/10\/02_promuoviamo-territorio_DJI_0049-resize-1920.jpg"},{"@type":"BreadcrumbList","@id":"https:\/\/www.settesoli.it\/it\/sostenibilita\/#breadcrumb","itemListElement":[{"@type":"ListItem","position":1,"name":"Home","item":"https:\/\/www.settesoli.it\/it\/"},{"@type":"ListItem","position":2,"name":"Sostenibilit\u00e0"}]},{"@type":"WebSite","@id":"https:\/\/www.settesoli.it\/it\/#website","url":"https:\/\/www.settesoli.it\/it\/","name":"Settesoli","description":"Vini siciliani","publisher":{"@id":"https:\/\/www.settesoli.it\/it\/#organization"},"potentialAction":[{"@type":"SearchAction","target":{"@type":"EntryPoint","urlTemplate":"https:\/\/www.settesoli.it\/it\/?s={search_term_string}"},"query-input":{"@type":"PropertyValueSpecification","valueRequired":true,"valueName":"search_term_string"}}],"inLanguage":"it-IT"},{"@type":"Organization","@id":"https:\/\/www.settesoli.it\/it\/#organization","name":"Settesoli","url":"https:\/\/www.settesoli.it\/it\/","logo":{"@type":"ImageObject","inLanguage":"it-IT","@id":"https:\/\/www.settesoli.it\/it\/#\/schema\/logo\/image\/","url":"https:\/\/www.settesoli.it\/wp-content\/uploads\/2023\/09\/Screenshot-2023-09-12-alle-15.31.49.jpg","contentUrl":"https:\/\/www.settesoli.it\/wp-content\/uploads\/2023\/09\/Screenshot-2023-09-12-alle-15.31.49.jpg","width":1390,"height":738,"caption":"Settesoli"},"image":{"@id":"https:\/\/www.settesoli.it\/it\/#\/schema\/logo\/image\/"},"sameAs":["https:\/\/www.facebook.com\/SettesoliOfficial","https:\/\/www.instagram.com\/settesoliofficial\/"]}]}},"_links":{"self":[{"href":"https:\/\/www.settesoli.it\/it\/wp-json\/wp\/v2\/pages\/20","targetHints":{"allow":["GET"]}}],"collection":[{"href":"https:\/\/www.settesoli.it\/it\/wp-json\/wp\/v2\/pages"}],"about":[{"href":"https:\/\/www.settesoli.it\/it\/wp-json\/wp\/v2\/types\/page"}],"author":[{"embeddable":true,"href":"https:\/\/www.settesoli.it\/it\/wp-json\/wp\/v2\/users\/1"}],"replies":[{"embeddable":true,"href":"https:\/\/www.settesoli.it\/it\/wp-json\/wp\/v2\/comments?post=20"}],"version-history":[{"count":86,"href":"https:\/\/www.settesoli.it\/it\/wp-json\/wp\/v2\/pages\/20\/revisions"}],"predecessor-version":[{"id":3337,"href":"https:\/\/www.settesoli.it\/it\/wp-json\/wp\/v2\/pages\/20\/revisions\/3337"}],"wp:attachment":[{"href":"https:\/\/www.settesoli.it\/it\/wp-json\/wp\/v2\/media?parent=20"}],"curies":[{"name":"wp","href":"https:\/\/api.w.org\/{rel}","templated":true}]}}